{"id":226,"date":"2019-05-16T16:47:07","date_gmt":"2019-05-16T16:47:07","guid":{"rendered":"http:\/\/bunte-bilder-shop.de\/?page_id=226"},"modified":"2020-03-30T07:40:07","modified_gmt":"2020-03-30T07:40:07","slug":"impressum","status":"publish","type":"page","link":"https:\/\/bunte-bilder-shop.de\/?page_id=226","title":{"rendered":"Impressum"},"content":{"rendered":"\n<p>Anbieter dieser Webseite und damit verantwortlich f\u00fcr den Inhalt und dessen Richtigkeit ist:<\/p>\n\n\n\n<p>Gisa Borchers<\/p>\n\n\n\n<p>Erlanger Str. 30, 40597 D\u00fcsseldorf<\/p>\n\n\n\n<p>gisa.borchers@icloud.com<\/p>\n\n\n\n<p>0211 &#8211; 75 77 02<\/p>\n\n\n\n<p>USt-ID DE295154865<\/p>\n\n\n\n<p>Plattform der EU-Kommission zur Online-Streitbeilegung:<br><a rel=\"noreferrer noopener\" href=\"https:\/\/ec.europa.eu\/consumers\/odr\" target=\"_blank\">https:\/\/ec.europa.eu\/consumers\/odr<\/a><\/p>\n\n\n\n<p>Haftungsausschluss:<\/p>\n\n\n\n<p>Urheberrecht<\/p>\n\n\n\n<p>Die durch die Seitenbetreiberin erstellten Inhalte auf diesen Seiten unterliegen dem deutschen Urheberrecht. Die Vervielf\u00e4ltigung, Bearbeitung, Verbreitung und jede Art der Verwertung au\u00dferhalb der Grenzen des Urheberrechtes bed\u00fcrfen der schriftlichen Zustimmung. Downloads und Kopien dieser Seite sind nur f\u00fcr den privaten, nicht kommerziellen Gebrauch gestattet. <\/p>\n\n\n\n<p>Haftung f\u00fcr Inhalte<\/p>\n\n\n\n<p>Die Inhalte unserer Seiten wurden mit gr\u00f6\u00dfter Sorgfalt erstellt. F\u00fcr die Richtigkeit, Vollst\u00e4ndigkeit und Aktualit\u00e4t der Inhalte k\u00f6nnen wir jedoch keine Gew\u00e4hr \u00fcbernehmen.<\/p>\n\n\n\n<p><strong>Datenschutzerkl\u00e4rung<\/strong><\/p>\n\n\n\n<p>1) Information \u00fcber die Erhebung personenbezogener Daten und Kontaktdaten des Verantwortlichen<br>1.1  Im Folgenden informieren wir Sie \u00fcber den Umgang mit Ihren personenbezogenen Daten bei Nutzung unserer Website. Personenbezogene Daten sind hierbei alle Daten, mit denen Sie pers\u00f6nlich identifiziert werden k\u00f6nnen.<br>1.2 Verantwortlicher f\u00fcr die Datenverarbeitung auf dieser Website im Sinne der Datenschutz-Grundverordnung (DSGVO) ist Gisa Borchers, Augsburger Stra\u00dfe 22, 40597 D\u00fcsseldorf, Deutschland, Tel.: 0175-2425520, E-Mail: mail@bunte-bilder-shop.de. Der f\u00fcr die Verarbeitung von personenbezogenen Daten Verantwortliche ist diejenige nat\u00fcrliche oder juristische Person, die allein oder gemeinsam mit anderen \u00fcber die<br>Zwecke und Mittel der Verarbeitung von personenbezogenen Daten entscheidet.<br>1.3 Diese Website nutzt aus Sicherheitsgr\u00fcnden und zum Schutz der \u00dcbertragung personenbezogene Daten und anderer vertraulicher Inhalte (z.B. Bestellungen oder Anfragen an den Verantwortlichen) eine SSL-bzw. TLS-Verschl\u00fcsselung. Sie k\u00f6nnen eine verschl\u00fcsselte Verbindung an der Zeichenfolge \u201ehttps:\/\/\u201c und dem Schloss-Symbol in<br>Ihrer Browserzeile erkennen.<br>2) Datenerfassung beim Besuch unserer Website<br>Bei der blo\u00df informatorischen Nutzung unserer Website, also wenn Sie sich nicht registrieren oder uns anderweitig Informationen \u00fcbermitteln, erheben wir nur solche Daten, die Ihr Browser an unseren Server \u00fcbermittelt (sog. \u201eServer-Logfiles\u201c). Wenn Sie unsere Website aufrufen, erheben wir die folgenden Daten, die f\u00fcr uns technisch erforderlich sind, um Ihnen die Website anzuzeigen:<br>&#8211; Unsere besuchte Website<br>&#8211; Datum und Uhrzeit zum Zeitpunkt des Zugriffes<br>&#8211; Menge der gesendeten Daten in Byte<br>&#8211; Quelle\/Verweis, von welchem Sie auf die Seite gelangten<br>&#8211; Verwendeter Browser<br>&#8211; Verwendetes Betriebssystem<br>&#8211; Verwendete IP-Adresse (ggf.: in anonymisierter Form)<br>Die Verarbeitung erfolgt gem\u00e4\u00df Art. 6 Abs. 1 lit. f DSGVO auf Basis unseres berechtigten Interesses an der Verbesserung der Stabilit\u00e4t und Funktionalit\u00e4t unserer Website. Eine Weitergabe oder anderweitige Verwendung der Daten findet nicht statt. Wir behalten uns allerdings vor, die Server-Logfiles nachtr\u00e4glich zu \u00fcberpr\u00fcfen, sollten konkrete Anhaltspunkte auf eine rechtswidrige Nutzung hinweisen.<\/p>\n\n\n\n<p>3) Kontaktaufnahme<\/p>\n\n\n\n<p>Im Rahmen der Kontaktaufnahme mit uns (z.B. per E-Mail) werden<br>personenbezogene Daten erhoben. Diese Daten werden ausschlie\u00dflich zum Zweck der Beantwortung Ihres Anliegens bzw. f\u00fcr die Kontaktaufnahme und die damit verbundene technische Administration gespeichert und<br>verwendet. Rechtsgrundlage f\u00fcr die Verarbeitung der Daten ist unser berechtigtes Interesse an der Beantwortung Ihres Anliegens gem\u00e4\u00df Art. 6 Abs. 1 lit. f DSGVO. Zielt Ihre Kontaktierung auf den Abschluss eines Vertrages ab, so ist zus\u00e4tzliche Rechtsgrundlage f\u00fcr die Verarbeitung Art. 6 Abs. 1 lit. b DSGVO. Ihre Daten werden nach abschlie\u00dfender Bearbeitung Ihrer Anfrage gel\u00f6scht, dies ist der Fall, wenn sich aus den<br>Umst\u00e4nden entnehmen l\u00e4sst, dass der betroffene Sachverhalt abschlie\u00dfend gekl\u00e4rt ist und sofern keine gesetzlichen Aufbewahrungspflichten entgegenstehen.<br><\/p>\n\n\n\n<p>4. WIDERSPRUCHSRECHT<\/p>\n\n\n\n<p>WENN WIR IM RAHMEN EINER INTERESSENABW\u00c4GUNG IHRE PERSONENBEZOGENEN DATEN AUFGRUND UNSERES \u00dcBERWIEGENDEN BERECHTIGTEN INTERESSES VERARBEITEN, HABEN SIE DAS JEDERZEITIGE RECHT, AUS GR\u00dcNDEN, DIE SICH AUS IHRER BESONDEREN SITUATION ERGEBEN, GEGEN DIESE VERARBEITUNG WIDERSPRUCH<br>MIT WIRKUNG F\u00dcR DIE ZUKUNFT EINZULEGEN. MACHEN SIE VON IHREM WIDERSPRUCHSRECHT GEBRAUCH, BEENDEN WIR DIE VERARBEITUNG DER BETROFFENEN DATEN. EINE WEITERVERARBEITUNG BLEIBT ABER VORBEHALTEN, WENN WIR ZWINGENDE SCHUTZW\u00dcRDIGE GR\u00dcNDE F\u00dcR DIE VERARBEITUNG NACHWEISEN K\u00d6NNEN, DIE IHRE INTERESSEN, GRUNDRECHTE UND GRUNDFREIHEITEN \u00dcBERWIEGEN, ODER WENN DIE VERARBEITUNG DER GELTENDMACHUNG, AUS\u00dcBUNG ODER VERTEIDIGUNG VON RECHTSANSPR\u00dcCHEN DIENT. <\/p>\n\n\n\n<p><br><\/p>\n","protected":false},"excerpt":{"rendered":"<p>Anbieter dieser Webseite und damit verantwortlich f\u00fcr den Inhalt und dessen Richtigkeit ist: Gisa Borchers Erlanger Str. 30, 40597 D\u00fcsseldorf gisa.borchers@icloud.com 0211 &#8211; 75 77 02 USt-ID DE295154865 Plattform der EU-Kommission zur Online-Streitbeilegung:https:\/\/ec.europa.eu\/consumers\/odr Haftungsausschluss: Urheberrecht Die durch die Seitenbetreiberin erstellten Inhalte auf diesen Seiten unterliegen dem deutschen Urheberrecht. Die Vervielf\u00e4ltigung, Bearbeitung, Verbreitung und jede Art [&hellip;]<\/p>\n","protected":false},"author":1,"featured_media":0,"parent":0,"menu_order":0,"comment_status":"closed","ping_status":"closed","template":"","meta":{"footnotes":""},"class_list":["post-226","page","type-page","status-publish","hentry"],"_links":{"self":[{"href":"https:\/\/bunte-bilder-shop.de\/index.php?rest_route=\/wp\/v2\/pages\/226","targetHints":{"allow":["GET"]}}],"collection":[{"href":"https:\/\/bunte-bilder-shop.de\/index.php?rest_route=\/wp\/v2\/pages"}],"about":[{"href":"https:\/\/bunte-bilder-shop.de\/index.php?rest_route=\/wp\/v2\/types\/page"}],"author":[{"embeddable":true,"href":"https:\/\/bunte-bilder-shop.de\/index.php?rest_route=\/wp\/v2\/users\/1"}],"replies":[{"embeddable":true,"href":"https:\/\/bunte-bilder-shop.de\/index.php?rest_route=%2Fwp%2Fv2%2Fcomments&post=226"}],"version-history":[{"count":2,"href":"https:\/\/bunte-bilder-shop.de\/index.php?rest_route=\/wp\/v2\/pages\/226\/revisions"}],"predecessor-version":[{"id":2461,"href":"https:\/\/bunte-bilder-shop.de\/index.php?rest_route=\/wp\/v2\/pages\/226\/revisions\/2461"}],"wp:attachment":[{"href":"https:\/\/bunte-bilder-shop.de\/index.php?rest_route=%2Fwp%2Fv2%2Fmedia&parent=226"}],"curies":[{"name":"wp","href":"https:\/\/api.w.org\/{rel}","templated":true}]}}